{"id":7537,"date":"2022-04-26T14:46:59","date_gmt":"2022-04-26T12:46:59","guid":{"rendered":"https:\/\/www.vredo.com\/home\/service\/pieces-detachees\/"},"modified":"2023-11-02T14:55:19","modified_gmt":"2023-11-02T13:55:19","slug":"pieces-detachees","status":"publish","type":"page","link":"https:\/\/www.vredo.com\/fr\/service\/pieces-detachees\/","title":{"rendered":"Pi\u00e8ces d\u00e9tach\u00e9es"},"content":{"rendered":"","protected":false},"excerpt":{"rendered":"","protected":false},"author":8,"featured_media":0,"parent":7535,"menu_order":2,"comment_status":"closed","ping_status":"closed","template":"","meta":{"_acf_changed":false},"wf_page_folders":[],"acf":[],"yoast_head":"<!-- This site is optimized with the Yoast SEO plugin v22.8 - https:\/\/yoast.com\/wordpress\/plugins\/seo\/ -->\n<title>Pi\u00e8ces d\u00e9tach\u00e9es - Vredo<\/title>\n<meta name=\"robots\" content=\"index, follow, max-snippet:-1, max-image-preview:large, max-video-preview:-1\" \/>\n<link rel=\"canonical\" href=\"https:\/\/www.vredo.com\/fr\/service\/pieces-detachees\/\" \/>\n<meta property=\"og:locale\" content=\"fr_FR\" \/>\n<meta property=\"og:type\" content=\"article\" \/>\n<meta property=\"og:title\" content=\"Pi\u00e8ces d\u00e9tach\u00e9es - Vredo\" \/>\n<meta property=\"og:url\" content=\"https:\/\/www.vredo.com\/fr\/service\/pieces-detachees\/\" \/>\n<meta property=\"og:site_name\" content=\"Vredo\" \/>\n<meta property=\"article:modified_time\" content=\"2023-11-02T13:55:19+00:00\" \/>\n<meta name=\"twitter:card\" content=\"summary_large_image\" \/>\n<script type=\"application\/ld+json\" class=\"yoast-schema-graph\">{\"@context\":\"https:\/\/schema.org\",\"@graph\":[{\"@type\":\"WebPage\",\"@id\":\"https:\/\/www.vredo.com\/fr\/service\/pieces-detachees\/\",\"url\":\"https:\/\/www.vredo.com\/fr\/service\/pieces-detachees\/\",\"name\":\"Pi\u00e8ces d\u00e9tach\u00e9es - Vredo\",\"isPartOf\":{\"@id\":\"https:\/\/vredo.com\/fr\/#website\"},\"datePublished\":\"2022-04-26T12:46:59+00:00\",\"dateModified\":\"2023-11-02T13:55:19+00:00\",\"breadcrumb\":{\"@id\":\"https:\/\/www.vredo.com\/fr\/service\/pieces-detachees\/#breadcrumb\"},\"inLanguage\":\"fr-FR\",\"potentialAction\":[{\"@type\":\"ReadAction\",\"target\":[\"https:\/\/www.vredo.com\/fr\/service\/pieces-detachees\/\"]}]},{\"@type\":\"BreadcrumbList\",\"@id\":\"https:\/\/www.vredo.com\/fr\/service\/pieces-detachees\/#breadcrumb\",\"itemListElement\":[{\"@type\":\"ListItem\",\"position\":1,\"name\":\"Home\",\"item\":\"https:\/\/www.vredo.com\/fr\/\"},{\"@type\":\"ListItem\",\"position\":2,\"name\":\"Service support clients\",\"item\":\"https:\/\/vredo.nl\/fr\/service\/\"},{\"@type\":\"ListItem\",\"position\":3,\"name\":\"Pi\u00e8ces d\u00e9tach\u00e9es\"}]},{\"@type\":\"WebSite\",\"@id\":\"https:\/\/vredo.com\/fr\/#website\",\"url\":\"https:\/\/vredo.com\/fr\/\",\"name\":\"Vredo\",\"description\":\"Your fields, our passion\",\"potentialAction\":[{\"@type\":\"SearchAction\",\"target\":{\"@type\":\"EntryPoint\",\"urlTemplate\":\"https:\/\/vredo.com\/fr\/?s={search_term_string}\"},\"query-input\":\"required name=search_term_string\"}],\"inLanguage\":\"fr-FR\"}]}<\/script>\n<!-- \/ Yoast SEO plugin. -->","yoast_head_json":{"title":"Pi\u00e8ces d\u00e9tach\u00e9es - Vredo","robots":{"index":"index","follow":"follow","max-snippet":"max-snippet:-1","max-image-preview":"max-image-preview:large","max-video-preview":"max-video-preview:-1"},"canonical":"https:\/\/www.vredo.com\/fr\/service\/pieces-detachees\/","og_locale":"fr_FR","og_type":"article","og_title":"Pi\u00e8ces d\u00e9tach\u00e9es - Vredo","og_url":"https:\/\/www.vredo.com\/fr\/service\/pieces-detachees\/","og_site_name":"Vredo","article_modified_time":"2023-11-02T13:55:19+00:00","twitter_card":"summary_large_image","schema":{"@context":"https:\/\/schema.org","@graph":[{"@type":"WebPage","@id":"https:\/\/www.vredo.com\/fr\/service\/pieces-detachees\/","url":"https:\/\/www.vredo.com\/fr\/service\/pieces-detachees\/","name":"Pi\u00e8ces d\u00e9tach\u00e9es - Vredo","isPartOf":{"@id":"https:\/\/vredo.com\/fr\/#website"},"datePublished":"2022-04-26T12:46:59+00:00","dateModified":"2023-11-02T13:55:19+00:00","breadcrumb":{"@id":"https:\/\/www.vredo.com\/fr\/service\/pieces-detachees\/#breadcrumb"},"inLanguage":"fr-FR","potentialAction":[{"@type":"ReadAction","target":["https:\/\/www.vredo.com\/fr\/service\/pieces-detachees\/"]}]},{"@type":"BreadcrumbList","@id":"https:\/\/www.vredo.com\/fr\/service\/pieces-detachees\/#breadcrumb","itemListElement":[{"@type":"ListItem","position":1,"name":"Home","item":"https:\/\/www.vredo.com\/fr\/"},{"@type":"ListItem","position":2,"name":"Service support clients","item":"https:\/\/vredo.nl\/fr\/service\/"},{"@type":"ListItem","position":3,"name":"Pi\u00e8ces d\u00e9tach\u00e9es"}]},{"@type":"WebSite","@id":"https:\/\/vredo.com\/fr\/#website","url":"https:\/\/vredo.com\/fr\/","name":"Vredo","description":"Your fields, our passion","potentialAction":[{"@type":"SearchAction","target":{"@type":"EntryPoint","urlTemplate":"https:\/\/vredo.com\/fr\/?s={search_term_string}"},"query-input":"required name=search_term_string"}],"inLanguage":"fr-FR"}]}},"_links":{"self":[{"href":"https:\/\/www.vredo.com\/fr\/wp-json\/wp\/v2\/pages\/7537"}],"collection":[{"href":"https:\/\/www.vredo.com\/fr\/wp-json\/wp\/v2\/pages"}],"about":[{"href":"https:\/\/www.vredo.com\/fr\/wp-json\/wp\/v2\/types\/page"}],"author":[{"embeddable":true,"href":"https:\/\/www.vredo.com\/fr\/wp-json\/wp\/v2\/users\/8"}],"replies":[{"embeddable":true,"href":"https:\/\/www.vredo.com\/fr\/wp-json\/wp\/v2\/comments?post=7537"}],"version-history":[{"count":0,"href":"https:\/\/www.vredo.com\/fr\/wp-json\/wp\/v2\/pages\/7537\/revisions"}],"up":[{"embeddable":true,"href":"https:\/\/www.vredo.com\/fr\/wp-json\/wp\/v2\/pages\/7535"}],"wp:attachment":[{"href":"https:\/\/www.vredo.com\/fr\/wp-json\/wp\/v2\/media?parent=7537"}],"wp:term":[{"taxonomy":"wf_page_folders","embeddable":true,"href":"https:\/\/www.vredo.com\/fr\/wp-json\/wp\/v2\/wf_page_folders?post=7537"}],"curies":[{"name":"wp","href":"https:\/\/api.w.org\/{rel}","templated":true}]}}