{"id":18999,"date":"2022-03-31T15:56:23","date_gmt":"2022-03-31T13:56:23","guid":{"rendered":"https:\/\/www.vredo.com\/ocasiones\/"},"modified":"2026-02-23T14:55:12","modified_gmt":"2026-02-23T13:55:12","slug":"occasions","status":"publish","type":"page","link":"https:\/\/www.vredo.com\/es\/occasions\/","title":{"rendered":"Ocasiones"},"content":{"rendered":"","protected":false},"excerpt":{"rendered":"","protected":false},"author":1,"featured_media":0,"parent":0,"menu_order":0,"comment_status":"closed","ping_status":"closed","template":"","meta":{"_acf_changed":false},"wf_page_folders":[],"acf":[],"yoast_head":"<!-- This site is optimized with the Yoast SEO plugin v22.8 - https:\/\/yoast.com\/wordpress\/plugins\/seo\/ -->\n<title>Ocasiones - Vredo<\/title>\n<meta name=\"description\" content=\"Vredo ofrece una gama completa de equipos usados. Desde m\u00e1quinas autopropulsadas a cisternas arrastradas y mucho m\u00e1s. Haz clic aqu\u00ed para ver nuestra oferta actual.\" \/>\n<meta name=\"robots\" content=\"index, follow, max-snippet:-1, max-image-preview:large, max-video-preview:-1\" \/>\n<link rel=\"canonical\" href=\"https:\/\/www.vredo.com\/es\/occasions\/\" \/>\n<meta property=\"og:locale\" content=\"es_ES\" \/>\n<meta property=\"og:type\" content=\"article\" \/>\n<meta property=\"og:title\" content=\"Ocasiones - Vredo\" \/>\n<meta property=\"og:description\" content=\"Vredo ofrece una gama completa de equipos usados. Desde m\u00e1quinas autopropulsadas a cisternas arrastradas y mucho m\u00e1s. Haz clic aqu\u00ed para ver nuestra oferta actual.\" \/>\n<meta property=\"og:url\" content=\"https:\/\/www.vredo.com\/es\/occasions\/\" \/>\n<meta property=\"og:site_name\" content=\"Vredo\" \/>\n<meta property=\"article:modified_time\" content=\"2026-02-23T13:55:12+00:00\" \/>\n<meta name=\"twitter:card\" content=\"summary_large_image\" \/>\n<script type=\"application\/ld+json\" class=\"yoast-schema-graph\">{\"@context\":\"https:\/\/schema.org\",\"@graph\":[{\"@type\":\"WebPage\",\"@id\":\"https:\/\/www.vredo.com\/es\/occasions\/\",\"url\":\"https:\/\/www.vredo.com\/es\/occasions\/\",\"name\":\"Ocasiones - Vredo\",\"isPartOf\":{\"@id\":\"https:\/\/vredo.com\/fr\/#website\"},\"datePublished\":\"2022-03-31T13:56:23+00:00\",\"dateModified\":\"2026-02-23T13:55:12+00:00\",\"description\":\"Vredo ofrece una gama completa de equipos usados. Desde m\u00e1quinas autopropulsadas a cisternas arrastradas y mucho m\u00e1s. Haz clic aqu\u00ed para ver nuestra oferta actual.\",\"breadcrumb\":{\"@id\":\"https:\/\/www.vredo.com\/es\/occasions\/#breadcrumb\"},\"inLanguage\":\"es-ES\",\"potentialAction\":[{\"@type\":\"ReadAction\",\"target\":[\"https:\/\/www.vredo.com\/es\/occasions\/\"]}]},{\"@type\":\"BreadcrumbList\",\"@id\":\"https:\/\/www.vredo.com\/es\/occasions\/#breadcrumb\",\"itemListElement\":[{\"@type\":\"ListItem\",\"position\":1,\"name\":\"Home\",\"item\":\"https:\/\/www.vredo.com\/es\/\"},{\"@type\":\"ListItem\",\"position\":2,\"name\":\"Ocasiones\"}]},{\"@type\":\"WebSite\",\"@id\":\"https:\/\/vredo.com\/fr\/#website\",\"url\":\"https:\/\/vredo.com\/fr\/\",\"name\":\"Vredo\",\"description\":\"Your fields, our passion\",\"potentialAction\":[{\"@type\":\"SearchAction\",\"target\":{\"@type\":\"EntryPoint\",\"urlTemplate\":\"https:\/\/vredo.com\/fr\/?s={search_term_string}\"},\"query-input\":\"required name=search_term_string\"}],\"inLanguage\":\"es-ES\"}]}<\/script>\n<!-- \/ Yoast SEO plugin. -->","yoast_head_json":{"title":"Ocasiones - Vredo","description":"Vredo ofrece una gama completa de equipos usados. Desde m\u00e1quinas autopropulsadas a cisternas arrastradas y mucho m\u00e1s. Haz clic aqu\u00ed para ver nuestra oferta actual.","robots":{"index":"index","follow":"follow","max-snippet":"max-snippet:-1","max-image-preview":"max-image-preview:large","max-video-preview":"max-video-preview:-1"},"canonical":"https:\/\/www.vredo.com\/es\/occasions\/","og_locale":"es_ES","og_type":"article","og_title":"Ocasiones - Vredo","og_description":"Vredo ofrece una gama completa de equipos usados. Desde m\u00e1quinas autopropulsadas a cisternas arrastradas y mucho m\u00e1s. Haz clic aqu\u00ed para ver nuestra oferta actual.","og_url":"https:\/\/www.vredo.com\/es\/occasions\/","og_site_name":"Vredo","article_modified_time":"2026-02-23T13:55:12+00:00","twitter_card":"summary_large_image","schema":{"@context":"https:\/\/schema.org","@graph":[{"@type":"WebPage","@id":"https:\/\/www.vredo.com\/es\/occasions\/","url":"https:\/\/www.vredo.com\/es\/occasions\/","name":"Ocasiones - Vredo","isPartOf":{"@id":"https:\/\/vredo.com\/fr\/#website"},"datePublished":"2022-03-31T13:56:23+00:00","dateModified":"2026-02-23T13:55:12+00:00","description":"Vredo ofrece una gama completa de equipos usados. Desde m\u00e1quinas autopropulsadas a cisternas arrastradas y mucho m\u00e1s. Haz clic aqu\u00ed para ver nuestra oferta actual.","breadcrumb":{"@id":"https:\/\/www.vredo.com\/es\/occasions\/#breadcrumb"},"inLanguage":"es-ES","potentialAction":[{"@type":"ReadAction","target":["https:\/\/www.vredo.com\/es\/occasions\/"]}]},{"@type":"BreadcrumbList","@id":"https:\/\/www.vredo.com\/es\/occasions\/#breadcrumb","itemListElement":[{"@type":"ListItem","position":1,"name":"Home","item":"https:\/\/www.vredo.com\/es\/"},{"@type":"ListItem","position":2,"name":"Ocasiones"}]},{"@type":"WebSite","@id":"https:\/\/vredo.com\/fr\/#website","url":"https:\/\/vredo.com\/fr\/","name":"Vredo","description":"Your fields, our passion","potentialAction":[{"@type":"SearchAction","target":{"@type":"EntryPoint","urlTemplate":"https:\/\/vredo.com\/fr\/?s={search_term_string}"},"query-input":"required name=search_term_string"}],"inLanguage":"es-ES"}]}},"_links":{"self":[{"href":"https:\/\/www.vredo.com\/es\/wp-json\/wp\/v2\/pages\/18999"}],"collection":[{"href":"https:\/\/www.vredo.com\/es\/wp-json\/wp\/v2\/pages"}],"about":[{"href":"https:\/\/www.vredo.com\/es\/wp-json\/wp\/v2\/types\/page"}],"author":[{"embeddable":true,"href":"https:\/\/www.vredo.com\/es\/wp-json\/wp\/v2\/users\/1"}],"replies":[{"embeddable":true,"href":"https:\/\/www.vredo.com\/es\/wp-json\/wp\/v2\/comments?post=18999"}],"version-history":[{"count":0,"href":"https:\/\/www.vredo.com\/es\/wp-json\/wp\/v2\/pages\/18999\/revisions"}],"wp:attachment":[{"href":"https:\/\/www.vredo.com\/es\/wp-json\/wp\/v2\/media?parent=18999"}],"wp:term":[{"taxonomy":"wf_page_folders","embeddable":true,"href":"https:\/\/www.vredo.com\/es\/wp-json\/wp\/v2\/wf_page_folders?post=18999"}],"curies":[{"name":"wp","href":"https:\/\/api.w.org\/{rel}","templated":true}]}}